{"id":402,"date":"2022-06-20T10:45:26","date_gmt":"2022-06-20T15:45:26","guid":{"rendered":"http:\/\/betzyinsurance.one.zysites.com\/about-us\/"},"modified":"2022-12-30T13:30:51","modified_gmt":"2022-12-30T19:30:51","slug":"about-us","status":"publish","type":"page","link":"https:\/\/www.betzyinsurance.com\/es\/about-us\/","title":{"rendered":"Sobre nosotros"},"content":{"rendered":"<h2>Seguro para satisfacer sus necesidades \u00fanicas<\/h2>\n<h4>Consigue la cobertura que mejor se adapte a tus necesidades<\/h4>\n<p>Nuestro personal dedicado de profesionales en seguros est\u00e1 aqu\u00ed para asistirlo. Nuestros agentes lo ayudar\u00e1n a obtener una p\u00f3liza de seguro de vida para protegerlo, a usted y a sus seres queridos, en el futuro. Estamos dispuestos y calificados en encontrar la p\u00f3liza que se ajuste a sus necesidades, ya que contamos con un amplio conocimiento de nuestras compa\u00f1\u00edas y del mercado. Nuestro trabajo es ayudarlo a navegar, a trav\u00e9s de diferentes opciones, a escoger la mejor p\u00f3liza y a aclarar cualquier pregunta o inquietud que pueda tener en el transcurso de este proceso. Hemos servido con \u00e9xito a cientos de clientes y tratamos cada individuo con respeto y compasi\u00f3n. Comprar un seguro puede ser dif\u00edcil, pero nuestro personal har\u00e1 el trabajo por usted. Mantenga su tranquilidad sabiendo que nuestros profesionales de seguros lo respaldar\u00e1n siempre.<\/p>\n","protected":false},"excerpt":{"rendered":"<p>Seguro para satisfacer sus necesidades \u00fanicas Consigue la cobertura que mejor se adapte a tus necesidades Nuestro personal dedicado de [&hellip;]<\/p>\n","protected":false},"author":6,"featured_media":0,"parent":0,"menu_order":0,"comment_status":"closed","ping_status":"closed","template":"","meta":{"_acf_changed":false,"_seopress_robots_primary_cat":null,"_seopress_titles_title":"","_seopress_titles_desc":"","_seopress_robots_index":"","_analytify_skip_tracking":false,"footnotes":""},"class_list":["post-402","page","type-page","status-publish","hentry"],"acf":[],"_links":{"self":[{"href":"https:\/\/www.betzyinsurance.com\/es\/wp-json\/wp\/v2\/pages\/402","targetHints":{"allow":["GET"]}}],"collection":[{"href":"https:\/\/www.betzyinsurance.com\/es\/wp-json\/wp\/v2\/pages"}],"about":[{"href":"https:\/\/www.betzyinsurance.com\/es\/wp-json\/wp\/v2\/types\/page"}],"author":[{"embeddable":true,"href":"https:\/\/www.betzyinsurance.com\/es\/wp-json\/wp\/v2\/users\/6"}],"replies":[{"embeddable":true,"href":"https:\/\/www.betzyinsurance.com\/es\/wp-json\/wp\/v2\/comments?post=402"}],"version-history":[{"count":0,"href":"https:\/\/www.betzyinsurance.com\/es\/wp-json\/wp\/v2\/pages\/402\/revisions"}],"wp:attachment":[{"href":"https:\/\/www.betzyinsurance.com\/es\/wp-json\/wp\/v2\/media?parent=402"}],"curies":[{"name":"wp","href":"https:\/\/api.w.org\/{rel}","templated":true}]}}